{"id":1684,"date":"2022-06-17T15:06:09","date_gmt":"2022-06-17T19:06:09","guid":{"rendered":"https:\/\/kagalerie.com\/?page_id=1684"},"modified":"2022-06-17T15:10:37","modified_gmt":"2022-06-17T19:10:37","slug":"admission","status":"publish","type":"page","link":"https:\/\/kagalerie.com\/en\/admission\/","title":{"rendered":"Admission of artists"},"content":{"rendered":"\n[et_pb_section fb_built=&#8221;1&#8243; admin_label=&#8221;Header&#8221; _builder_version=&#8221;4.16&#8243; background_enable_image=&#8221;off&#8221; background_size=&#8221;initial&#8221; background_repeat=&#8221;repeat&#8221; custom_padding=&#8221;35px||35px||true|false&#8221; global_colors_info=&#8221;{}&#8221;][et_pb_row custom_padding_last_edited=&#8221;off|phone&#8221; _builder_version=&#8221;4.16&#8243; background_position=&#8221;bottom_center&#8221; custom_padding=&#8221;0px||0px||false|false&#8221; custom_padding_tablet=&#8221;17vw||17vw||false&#8221; use_custom_width=&#8221;on&#8221; width_unit=&#8221;off&#8221; custom_width_percent=&#8221;100%&#8221; locked=&#8221;off&#8221; global_colors_info=&#8221;{}&#8221;][et_pb_column type=&#8221;4_4&#8243; _builder_version=&#8221;4.16&#8243; custom_padding=&#8221;|||&#8221; global_colors_info=&#8221;{}&#8221; custom_padding__hover=&#8221;|||&#8221;][et_pb_text _builder_version=&#8221;4.16&#8243; text_font=&#8221;||||||||&#8221; transform_translate_linked=&#8221;off&#8221; max_width=&#8221;100%&#8221; max_width_tablet=&#8221;70%&#8221; max_width_last_edited=&#8221;off|phone&#8221; global_colors_info=&#8221;{}&#8221;]<h1>Admission of artists<\/h1>[\/et_pb_text][\/et_pb_column][\/et_pb_row][et_pb_row column_structure=&#8221;1_2,1_2&#8243; make_equal=&#8221;on&#8221; _builder_version=&#8221;4.16&#8243; custom_padding=&#8221;0px||||false|false&#8221; global_colors_info=&#8221;{}&#8221;][et_pb_column type=&#8221;1_2&#8243; _builder_version=&#8221;4.16&#8243; background_image=&#8221;https:\/\/kagalerie.com\/wp-content\/uploads\/2021\/05\/Admission-des-artistes.webp&#8221; custom_padding=&#8221;|||&#8221; global_colors_info=&#8221;{}&#8221; custom_padding__hover=&#8221;|||&#8221;][et_pb_image src=&#8221;https:\/\/kagalerie.com\/wp-content\/uploads\/2021\/05\/Admission-des-artistes.webp&#8221; disabled_on=&#8221;off|off|on&#8221; _builder_version=&#8221;4.17.4&#8243; _module_preset=&#8221;default&#8221; hover_enabled=&#8221;0&#8243; global_colors_info=&#8221;{}&#8221; sticky_enabled=&#8221;0&#8243;][\/et_pb_image][\/et_pb_column][et_pb_column type=&#8221;1_2&#8243; _builder_version=&#8221;4.16&#8243; custom_padding=&#8221;|||&#8221; global_colors_info=&#8221;{}&#8221; custom_padding__hover=&#8221;|||&#8221;][et_pb_text _builder_version=&#8221;4.17.4&#8243; _module_preset=&#8221;default&#8221; hover_enabled=&#8221;0&#8243; global_colors_info=&#8221;{}&#8221; sticky_enabled=&#8221;0&#8243;]<p>K\u00e4 Galerie remains on the lookout for new discoveries. Do you think your work stands out and you want to join our great team?<\/p>\n<p>We invite you to send us your portfolio to the following email address: info@kagalerie.com<\/p>\n<p>Be sure to include in your presentation package:<\/p>\n<ul>\n<li>your artistic approach<\/li>\n<li>your artistic curriculum vitae (including the galleries that represent you)<\/li>\n<li>a selection of 4 recent works (including the title, format and medium of the works presented)<\/li>\n<li>your price list<\/li>\n<li>a link to your artist&#8217;s website and\/or social networks (Facebook, Instagram\u2026)<\/li>\n<\/ul>\n<p>Please note that we will respond to all requests.<\/p>[\/et_pb_text][\/et_pb_column][\/et_pb_row][\/et_pb_section]\n","protected":false},"excerpt":{"rendered":"<p>Admission of artistsK\u00e4 Galerie remains on the lookout for new discoveries. Do you think your work stands out and you want to join our great team? We invite you to send us your portfolio to the following email address: info@kagalerie.com Be sure to include in your presentation package: your artistic approach your artistic curriculum vitae [&hellip;]<\/p>\n","protected":false},"author":1,"featured_media":0,"parent":0,"menu_order":4,"comment_status":"closed","ping_status":"closed","template":"","meta":{"_et_pb_use_builder":"on","_et_pb_old_content":"[et_pb_section fb_built=\"1\" admin_label=\"Header\" _builder_version=\"4.10.7\" background_enable_image=\"off\" background_size=\"initial\" background_repeat=\"repeat\" custom_padding=\"35px||35px||true|false\" global_colors_info=\"{}\"][et_pb_row custom_padding_last_edited=\"off|phone\" _builder_version=\"4.10.7\" background_position=\"bottom_center\" custom_padding=\"0px||0px||false|false\" custom_padding_tablet=\"17vw||17vw||false\" use_custom_width=\"on\" width_unit=\"off\" custom_width_percent=\"100%\" locked=\"off\" global_colors_info=\"{}\"][et_pb_column type=\"4_4\" _builder_version=\"3.25\" custom_padding=\"|||\" global_colors_info=\"{}\" custom_padding__hover=\"|||\"][et_pb_text _builder_version=\"4.10.7\" text_font=\"||||||||\" transform_translate_linked=\"off\" max_width=\"100%\" max_width_tablet=\"70%\" max_width_last_edited=\"off|phone\" global_colors_info=\"{}\" hover_enabled=\"0\" sticky_enabled=\"0\"]\n<h1>Admission des artistes<\/h1>\n[\/et_pb_text][\/et_pb_column][\/et_pb_row][et_pb_row column_structure=\"1_2,1_2\" make_equal=\"on\" _builder_version=\"4.10.7\" custom_padding=\"0px||||false|false\" global_colors_info=\"{}\"][et_pb_column type=\"1_2\" _builder_version=\"4.9.4\" background_image=\"https:\/\/kagalerie.com\/wp-content\/uploads\/2021\/05\/Admission-des-artistes.webp\" custom_padding=\"|||\" global_colors_info=\"{}\" custom_padding__hover=\"|||\"][et_pb_image src=\"https:\/\/kagalerie.com\/wp-content\/uploads\/2021\/05\/Admission-des-artistes.webp\" title_text=\"Admission des artistes\" disabled_on=\"off|off|on\" _builder_version=\"4.10.7\" _module_preset=\"default\" global_colors_info=\"{}\"][\/et_pb_image][\/et_pb_column][et_pb_column type=\"1_2\" _builder_version=\"3.25\" custom_padding=\"|||\" global_colors_info=\"{}\" custom_padding__hover=\"|||\"][et_pb_text _builder_version=\"4.10.7\" _module_preset=\"default\" global_colors_info=\"{}\"]\n\nK\u00e4 galerie demeure \u00e0 l\u2019aff\u00fbt de nouvelles d\u00e9couvertes. Vous croyez que votre travail se d\u00e9marque et vous avez envie de rejoindre notre belle \u00e9quipe?\n\nNous vous invitons \u00e0 nous faire parvenir votre portfolio \u00e0 l\u2019adresse courriel suivante : info@kagalerie.com\n\nPrenez soin d\u2019inclure dans votre dossier de pr\u00e9sentation :\n<ul>\n \t<li>votre d\u00e9marche artistique<\/li>\n \t<li>votre curriculum vitae artistique (incluant les galeries qui vous repr\u00e9sentent)<\/li>\n \t<li>une s\u00e9lection de 4 \u0153uvres r\u00e9centes (incluant le titre, le format et le m\u00e9dium des \u0153uvres pr\u00e9sent\u00e9es)<\/li>\n \t<li>votre liste de prix<\/li>\n \t<li>un lien vers votre site web et\/ou r\u00e9seaux sociaux d\u2019artiste (Facebook, Instagram...)<\/li>\n<\/ul>\nVeuillez prendre note que nous r\u00e9pondrons \u00e0 toutes les demandes.\n\n[\/et_pb_text][\/et_pb_column][\/et_pb_row][\/et_pb_section]","_et_gb_content_width":"","footnotes":""},"class_list":["post-1684","page","type-page","status-publish","hentry"],"yoast_head":"<!-- This site is optimized with the Yoast SEO plugin v27.4 - https:\/\/yoast.com\/product\/yoast-seo-wordpress\/ -->\n<title>Admission of artists - KaGalerie<\/title>\n<meta name=\"robots\" content=\"index, follow, max-snippet:-1, max-image-preview:large, max-video-preview:-1\" \/>\n<link rel=\"canonical\" href=\"https:\/\/kagalerie.com\/en\/admission\/\" \/>\n<meta property=\"og:locale\" content=\"en_US\" \/>\n<meta property=\"og:type\" content=\"article\" \/>\n<meta property=\"og:title\" content=\"Admission of artists - KaGalerie\" \/>\n<meta property=\"og:description\" content=\"Admission of artistsK\u00e4 Galerie remains on the lookout for new discoveries. Do you think your work stands out and you want to join our great team? We invite you to send us your portfolio to the following email address: info@kagalerie.com Be sure to include in your presentation package: your artistic approach your artistic curriculum vitae [&hellip;]\" \/>\n<meta property=\"og:url\" content=\"https:\/\/kagalerie.com\/en\/admission\/\" \/>\n<meta property=\"og:site_name\" content=\"KaGalerie\" \/>\n<meta property=\"article:modified_time\" content=\"2022-06-17T19:10:37+00:00\" \/>\n<meta name=\"twitter:card\" content=\"summary_large_image\" \/>\n<meta name=\"twitter:label1\" content=\"Est. reading time\" \/>\n\t<meta name=\"twitter:data1\" content=\"1 minute\" \/>\n<script type=\"application\/ld+json\" class=\"yoast-schema-graph\">{\"@context\":\"https:\\\/\\\/schema.org\",\"@graph\":[{\"@type\":\"WebPage\",\"@id\":\"https:\\\/\\\/kagalerie.com\\\/en\\\/admission\\\/\",\"url\":\"https:\\\/\\\/kagalerie.com\\\/en\\\/admission\\\/\",\"name\":\"Admission of artists - KaGalerie\",\"isPartOf\":{\"@id\":\"https:\\\/\\\/kagalerie.com\\\/#website\"},\"datePublished\":\"2022-06-17T19:06:09+00:00\",\"dateModified\":\"2022-06-17T19:10:37+00:00\",\"breadcrumb\":{\"@id\":\"https:\\\/\\\/kagalerie.com\\\/en\\\/admission\\\/#breadcrumb\"},\"inLanguage\":\"en-US\",\"potentialAction\":[{\"@type\":\"ReadAction\",\"target\":[\"https:\\\/\\\/kagalerie.com\\\/en\\\/admission\\\/\"]}]},{\"@type\":\"BreadcrumbList\",\"@id\":\"https:\\\/\\\/kagalerie.com\\\/en\\\/admission\\\/#breadcrumb\",\"itemListElement\":[{\"@type\":\"ListItem\",\"position\":1,\"name\":\"Home\",\"item\":\"https:\\\/\\\/kagalerie.com\\\/en\\\/\"},{\"@type\":\"ListItem\",\"position\":2,\"name\":\"Admission of artists\"}]},{\"@type\":\"WebSite\",\"@id\":\"https:\\\/\\\/kagalerie.com\\\/#website\",\"url\":\"https:\\\/\\\/kagalerie.com\\\/\",\"name\":\"KaGalerie\",\"description\":\"Une galerie d\u2019art contemporaine au bord de la rivi\u00e8re Saguenay\",\"potentialAction\":[{\"@type\":\"SearchAction\",\"target\":{\"@type\":\"EntryPoint\",\"urlTemplate\":\"https:\\\/\\\/kagalerie.com\\\/?s={search_term_string}\"},\"query-input\":{\"@type\":\"PropertyValueSpecification\",\"valueRequired\":true,\"valueName\":\"search_term_string\"}}],\"inLanguage\":\"en-US\"}]}<\/script>\n<!-- \/ Yoast SEO plugin. -->","yoast_head_json":{"title":"Admission of artists - KaGalerie","robots":{"index":"index","follow":"follow","max-snippet":"max-snippet:-1","max-image-preview":"max-image-preview:large","max-video-preview":"max-video-preview:-1"},"canonical":"https:\/\/kagalerie.com\/en\/admission\/","og_locale":"en_US","og_type":"article","og_title":"Admission of artists - KaGalerie","og_description":"Admission of artistsK\u00e4 Galerie remains on the lookout for new discoveries. Do you think your work stands out and you want to join our great team? We invite you to send us your portfolio to the following email address: info@kagalerie.com Be sure to include in your presentation package: your artistic approach your artistic curriculum vitae [&hellip;]","og_url":"https:\/\/kagalerie.com\/en\/admission\/","og_site_name":"KaGalerie","article_modified_time":"2022-06-17T19:10:37+00:00","twitter_card":"summary_large_image","twitter_misc":{"Est. reading time":"1 minute"},"schema":{"@context":"https:\/\/schema.org","@graph":[{"@type":"WebPage","@id":"https:\/\/kagalerie.com\/en\/admission\/","url":"https:\/\/kagalerie.com\/en\/admission\/","name":"Admission of artists - KaGalerie","isPartOf":{"@id":"https:\/\/kagalerie.com\/#website"},"datePublished":"2022-06-17T19:06:09+00:00","dateModified":"2022-06-17T19:10:37+00:00","breadcrumb":{"@id":"https:\/\/kagalerie.com\/en\/admission\/#breadcrumb"},"inLanguage":"en-US","potentialAction":[{"@type":"ReadAction","target":["https:\/\/kagalerie.com\/en\/admission\/"]}]},{"@type":"BreadcrumbList","@id":"https:\/\/kagalerie.com\/en\/admission\/#breadcrumb","itemListElement":[{"@type":"ListItem","position":1,"name":"Home","item":"https:\/\/kagalerie.com\/en\/"},{"@type":"ListItem","position":2,"name":"Admission of artists"}]},{"@type":"WebSite","@id":"https:\/\/kagalerie.com\/#website","url":"https:\/\/kagalerie.com\/","name":"KaGalerie","description":"Une galerie d\u2019art contemporaine au bord de la rivi\u00e8re Saguenay","potentialAction":[{"@type":"SearchAction","target":{"@type":"EntryPoint","urlTemplate":"https:\/\/kagalerie.com\/?s={search_term_string}"},"query-input":{"@type":"PropertyValueSpecification","valueRequired":true,"valueName":"search_term_string"}}],"inLanguage":"en-US"}]}},"_links":{"self":[{"href":"https:\/\/kagalerie.com\/en\/wp-json\/wp\/v2\/pages\/1684","targetHints":{"allow":["GET"]}}],"collection":[{"href":"https:\/\/kagalerie.com\/en\/wp-json\/wp\/v2\/pages"}],"about":[{"href":"https:\/\/kagalerie.com\/en\/wp-json\/wp\/v2\/types\/page"}],"author":[{"embeddable":true,"href":"https:\/\/kagalerie.com\/en\/wp-json\/wp\/v2\/users\/1"}],"replies":[{"embeddable":true,"href":"https:\/\/kagalerie.com\/en\/wp-json\/wp\/v2\/comments?post=1684"}],"version-history":[{"count":5,"href":"https:\/\/kagalerie.com\/en\/wp-json\/wp\/v2\/pages\/1684\/revisions"}],"predecessor-version":[{"id":1698,"href":"https:\/\/kagalerie.com\/en\/wp-json\/wp\/v2\/pages\/1684\/revisions\/1698"}],"wp:attachment":[{"href":"https:\/\/kagalerie.com\/en\/wp-json\/wp\/v2\/media?parent=1684"}],"curies":[{"name":"wp","href":"https:\/\/api.w.org\/{rel}","templated":true}]}}