{"id":1685,"date":"2022-06-17T15:06:07","date_gmt":"2022-06-17T19:06:07","guid":{"rendered":"https:\/\/kagalerie.com\/?page_id=1685"},"modified":"2022-06-17T15:11:17","modified_gmt":"2022-06-17T19:11:17","slug":"corporate-services","status":"publish","type":"page","link":"https:\/\/kagalerie.com\/en\/corporate-services\/","title":{"rendered":"Corporate services"},"content":{"rendered":"<p>[et_pb_section fb_built=&#8221;1&#8243; admin_label=&#8221;Header&#8221; _builder_version=&#8221;4.16&#8243; background_enable_image=&#8221;off&#8221; background_size=&#8221;initial&#8221; background_repeat=&#8221;repeat&#8221; custom_padding=&#8221;35px||35px||true|false&#8221; global_colors_info=&#8221;{}&#8221;][et_pb_row custom_padding_last_edited=&#8221;off|phone&#8221; _builder_version=&#8221;4.16&#8243; background_position=&#8221;bottom_center&#8221; custom_padding=&#8221;0px||0px||false|false&#8221; custom_padding_tablet=&#8221;17vw||17vw||false&#8221; use_custom_width=&#8221;on&#8221; width_unit=&#8221;off&#8221; custom_width_percent=&#8221;100%&#8221; locked=&#8221;off&#8221; global_colors_info=&#8221;{}&#8221;][et_pb_column type=&#8221;4_4&#8243; _builder_version=&#8221;4.16&#8243; custom_padding=&#8221;|||&#8221; global_colors_info=&#8221;{}&#8221; custom_padding__hover=&#8221;|||&#8221;][et_pb_text _builder_version=&#8221;4.16&#8243; text_font=&#8221;||||||||&#8221; transform_translate_linked=&#8221;off&#8221; custom_padding=&#8221;||0px|||&#8221; global_colors_info=&#8221;{}&#8221;]<\/p>\n<h1>Corporate services<\/h1>\n<p>[\/et_pb_text][\/et_pb_column][\/et_pb_row][et_pb_row column_structure=&#8221;1_2,1_2&#8243; make_equal=&#8221;on&#8221; _builder_version=&#8221;4.16&#8243; custom_padding=&#8221;0px||0px|||&#8221; global_colors_info=&#8221;{}&#8221;][et_pb_column type=&#8221;1_2&#8243; _builder_version=&#8221;4.16&#8243; _module_preset=&#8221;default&#8221; global_colors_info=&#8221;{}&#8221;][et_pb_image src=&#8221;https:\/\/kagalerie.com\/wp-content\/uploads\/2021\/08\/IMG_8063fb.jpg&#8221; _builder_version=&#8221;4.17.4&#8243; _module_preset=&#8221;default&#8221; global_colors_info=&#8221;{}&#8221;][\/et_pb_image][\/et_pb_column][et_pb_column type=&#8221;1_2&#8243; _builder_version=&#8221;4.16&#8243; custom_padding=&#8221;|||&#8221; global_colors_info=&#8221;{}&#8221; custom_padding__hover=&#8221;|||&#8221;][et_pb_text _builder_version=&#8221;4.17.4&#8243; _module_preset=&#8221;default&#8221; hover_enabled=&#8221;0&#8243; global_colors_info=&#8221;{}&#8221; sticky_enabled=&#8221;0&#8243;]<\/p>\n<p>Whether it&#8217;s to acquire a new work for your existing corporate collection or for a very first purchase, we will be there to guide you through the buying process.<\/p>\n<p>A work of art will bring prestige and elegance to your workspace. Your work environment will be unique, stimulating for your teams. Dare to be creative and bold!<\/p>\n<p><strong>From a tax point of view<\/strong>, there are great advantages to acquiring an original work of art: it is <strong>100% tax deductible<\/strong> at different levels of government, provided that it is produced by a Canadian artist and that it is exposed to the view of customers and employees.<\/p>\n<p>We have also set up plans for designers, architects and builders.\u00a0<a href=\"https:\/\/kagalerie.com\/en\/contact\/\">Contact us for more details on these offers<\/a>.<\/p>\n<p>[\/et_pb_text][et_pb_contact_form captcha=&#8221;off&#8221; email=&#8221;info@kagalerie.com&#8221; title=&#8221;Contact us&#8221; custom_message=&#8221;Nom: %%Name%%||et_pb_line_break_holder||Email: %Email%%||et_pb_line_break_holder||Message: %%Message%%&#8221; submit_button_text=&#8221;Send&#8221; _builder_version=&#8221;4.17.4&#8243; _unique_id=&#8221;bec5a7b1-85ae-4eb5-9887-816cdecd38a9&#8243; form_field_background_color=&#8221;#f3f3f4&#8243; title_font=&#8221;||||||||&#8221; form_field_font=&#8221;Open Sans||||||||&#8221; custom_button=&#8221;on&#8221; button_text_size=&#8221;12px&#8221; button_text_color=&#8221;#ffffff&#8221; button_bg_color=&#8221;#000000&#8243; button_border_width=&#8221;14px&#8221; button_border_color=&#8221;rgba(0,0,0,0)&#8221; button_border_radius=&#8221;0px&#8221; button_letter_spacing=&#8221;3px&#8221; button_font=&#8221;Roboto|700||on|||||&#8221; custom_padding=&#8221;||7px|||&#8221; form_background_color=&#8221;#f9fafc&#8221; saved_tabs=&#8221;all&#8221; global_colors_info=&#8221;{}&#8221; button_text_color__hover=&#8221;#ffffff&#8221; button_text_color__hover_enabled=&#8221;on&#8221; button_bg_color__hover=&#8221;#ff7a6b&#8221;][et_pb_contact_field field_id=&#8221;Name&#8221; field_title=&#8221;Full name&#8221; _builder_version=&#8221;4.17.4&#8243; global_colors_info=&#8221;{}&#8221; button_text_size__hover_enabled=&#8221;off&#8221; button_one_text_size__hover_enabled=&#8221;off&#8221; button_two_text_size__hover_enabled=&#8221;off&#8221; button_text_color__hover_enabled=&#8221;off&#8221; button_one_text_color__hover_enabled=&#8221;off&#8221; button_two_text_color__hover_enabled=&#8221;off&#8221; button_border_width__hover_enabled=&#8221;off&#8221; button_one_border_width__hover_enabled=&#8221;off&#8221; button_two_border_width__hover_enabled=&#8221;off&#8221; button_border_color__hover_enabled=&#8221;off&#8221; button_one_border_color__hover_enabled=&#8221;off&#8221; button_two_border_color__hover_enabled=&#8221;off&#8221; button_border_radius__hover_enabled=&#8221;off&#8221; button_one_border_radius__hover_enabled=&#8221;off&#8221; button_two_border_radius__hover_enabled=&#8221;off&#8221; button_letter_spacing__hover_enabled=&#8221;off&#8221; button_one_letter_spacing__hover_enabled=&#8221;off&#8221; button_two_letter_spacing__hover_enabled=&#8221;off&#8221; button_bg_color__hover_enabled=&#8221;off&#8221; button_one_bg_color__hover_enabled=&#8221;off&#8221; button_two_bg_color__hover_enabled=&#8221;off&#8221;][\/et_pb_contact_field][et_pb_contact_field field_id=&#8221;Email&#8221; field_title=&#8221;Email Address&#8221; field_type=&#8221;email&#8221; _builder_version=&#8221;4.16&#8243; global_colors_info=&#8221;{}&#8221; button_text_size__hover_enabled=&#8221;off&#8221; button_one_text_size__hover_enabled=&#8221;off&#8221; button_two_text_size__hover_enabled=&#8221;off&#8221; button_text_color__hover_enabled=&#8221;off&#8221; button_one_text_color__hover_enabled=&#8221;off&#8221; button_two_text_color__hover_enabled=&#8221;off&#8221; button_border_width__hover_enabled=&#8221;off&#8221; button_one_border_width__hover_enabled=&#8221;off&#8221; button_two_border_width__hover_enabled=&#8221;off&#8221; button_border_color__hover_enabled=&#8221;off&#8221; button_one_border_color__hover_enabled=&#8221;off&#8221; button_two_border_color__hover_enabled=&#8221;off&#8221; button_border_radius__hover_enabled=&#8221;off&#8221; button_one_border_radius__hover_enabled=&#8221;off&#8221; button_two_border_radius__hover_enabled=&#8221;off&#8221; button_letter_spacing__hover_enabled=&#8221;off&#8221; button_one_letter_spacing__hover_enabled=&#8221;off&#8221; button_two_letter_spacing__hover_enabled=&#8221;off&#8221; button_bg_color__hover_enabled=&#8221;off&#8221; button_one_bg_color__hover_enabled=&#8221;off&#8221; button_two_bg_color__hover_enabled=&#8221;off&#8221;][\/et_pb_contact_field][et_pb_contact_field field_id=&#8221;Message&#8221; field_title=&#8221;Message&#8221; field_type=&#8221;text&#8221; fullwidth_field=&#8221;on&#8221; _builder_version=&#8221;4.16&#8243; global_colors_info=&#8221;{}&#8221; button_text_size__hover_enabled=&#8221;off&#8221; button_one_text_size__hover_enabled=&#8221;off&#8221; button_two_text_size__hover_enabled=&#8221;off&#8221; button_text_color__hover_enabled=&#8221;off&#8221; button_one_text_color__hover_enabled=&#8221;off&#8221; button_two_text_color__hover_enabled=&#8221;off&#8221; button_border_width__hover_enabled=&#8221;off&#8221; button_one_border_width__hover_enabled=&#8221;off&#8221; button_two_border_width__hover_enabled=&#8221;off&#8221; button_border_color__hover_enabled=&#8221;off&#8221; button_one_border_color__hover_enabled=&#8221;off&#8221; button_two_border_color__hover_enabled=&#8221;off&#8221; button_border_radius__hover_enabled=&#8221;off&#8221; button_one_border_radius__hover_enabled=&#8221;off&#8221; button_two_border_radius__hover_enabled=&#8221;off&#8221; button_letter_spacing__hover_enabled=&#8221;off&#8221; button_one_letter_spacing__hover_enabled=&#8221;off&#8221; button_two_letter_spacing__hover_enabled=&#8221;off&#8221; button_bg_color__hover_enabled=&#8221;off&#8221; button_one_bg_color__hover_enabled=&#8221;off&#8221; button_two_bg_color__hover_enabled=&#8221;off&#8221;][\/et_pb_contact_field][\/et_pb_contact_form][\/et_pb_column][\/et_pb_row][\/et_pb_section]<\/p>\n","protected":false},"excerpt":{"rendered":"<p>Corporate servicesWhether it&#8217;s to acquire a new work for your existing corporate collection or for a very first purchase, we will be there to guide you through the buying process. A work of art will bring prestige and elegance to your workspace. Your work environment will be unique, stimulating for your teams. Dare to be [&hellip;]<\/p>\n","protected":false},"author":1,"featured_media":0,"parent":0,"menu_order":4,"comment_status":"closed","ping_status":"closed","template":"","meta":{"_et_pb_use_builder":"on","_et_pb_old_content":"[et_pb_section fb_built=\"1\" admin_label=\"Header\" _builder_version=\"4.10.7\" background_enable_image=\"off\" background_size=\"initial\" background_repeat=\"repeat\" custom_padding=\"35px||35px||true|false\" hover_enabled=\"0\" global_colors_info=\"{}\" sticky_enabled=\"0\"][et_pb_row custom_padding_last_edited=\"off|phone\" _builder_version=\"4.10.7\" background_position=\"bottom_center\" custom_padding=\"0px||0px||false|false\" custom_padding_tablet=\"17vw||17vw||false\" hover_enabled=\"0\" use_custom_width=\"on\" width_unit=\"off\" custom_width_percent=\"100%\" locked=\"off\" global_colors_info=\"{}\" sticky_enabled=\"0\"][et_pb_column type=\"4_4\" _builder_version=\"4.10.7\" custom_padding=\"|||\" global_colors_info=\"{}\" custom_padding__hover=\"|||\"][et_pb_text _builder_version=\"4.10.7\" text_font=\"||||||||\" transform_translate_linked=\"off\" custom_padding=\"||0px|||\" global_colors_info=\"{}\" hover_enabled=\"0\" sticky_enabled=\"0\"]\n<h1>Services corporatifs<\/h1>\n[\/et_pb_text][\/et_pb_column][\/et_pb_row][et_pb_row column_structure=\"1_2,1_2\" make_equal=\"on\" _builder_version=\"4.10.7\" custom_padding=\"0px||0px|||\" global_colors_info=\"{}\"][et_pb_column type=\"1_2\" _builder_version=\"4.9.10\" _module_preset=\"default\" global_colors_info=\"{}\"][et_pb_image src=\"https:\/\/kagalerie.com\/wp-content\/uploads\/2021\/08\/IMG_8063fb.jpg\" title_text=\"IMG_8063fb\" _builder_version=\"4.10.7\" _module_preset=\"default\" global_colors_info=\"{}\"][\/et_pb_image][\/et_pb_column][et_pb_column type=\"1_2\" _builder_version=\"3.25\" custom_padding=\"|||\" global_colors_info=\"{}\" custom_padding__hover=\"|||\"][et_pb_text _builder_version=\"4.10.7\" _module_preset=\"default\" global_colors_info=\"{}\"]\n<p style=\"text-align: justify;\">Que ce soit pour faire l\u2019acquisition d\u2019une nouvelle \u0153uvre pour votre collection corporative d\u00e9j\u00e0 existante ou pour un tout premier achat, nous serons l\u00e0 pour vous guider tout au long du processus d\u2019achat.<\/p>\n<p style=\"text-align: justify;\">Une \u0153uvre d\u2019art apportera \u00e0 votre espace de travail du prestige et de l\u2019\u00e9l\u00e9gance. Votre environnement de travail sera unique, stimulant pour vos \u00e9quipes. Osez \u00eatre cr\u00e9atif et audacieux!<\/p>\n<p style=\"text-align: justify;\"><strong>Sur le plan fiscal<\/strong>, il y a de grands avantages \u00e0 faire l\u2019acquisition d\u2019une \u0153uvre d\u2019art originale : celle-ci est \u00e0 <strong>100% d\u00e9ductible d\u2019imp\u00f4ts<\/strong> aux diff\u00e9rents paliers du gouvernement, \u00e0 condition qu\u2019elle soit produite par un artiste canadien et qu\u2019elle soit expos\u00e9e \u00e0 la vue des clients et des employ\u00e9s.<\/p>\n<p style=\"text-align: justify;\">Nous avons \u00e9galement mis en place des plans pour les designers, architectes et constructeurs. <a href=\"https:\/\/kagalerie.com\/contact\/\">Contactez-nous pour plus de d\u00e9tails sur ces offres<\/a>.<\/p>\n[\/et_pb_text][et_pb_contact_form captcha=\"off\" email=\"info@kagalerie.com\" title=\"Contactez-nous\" custom_message=\"Nom: %%Name%%||et_pb_line_break_holder||Email: %Email%%||et_pb_line_break_holder||Message: %%Message%%\" submit_button_text=\"Envoyer\" _builder_version=\"4.9.4\" form_field_background_color=\"#f3f3f4\" title_font=\"||||||||\" form_field_font=\"Open Sans||||||||\" custom_button=\"on\" button_text_size=\"12px\" button_text_color=\"#ffffff\" button_bg_color=\"#000000\" button_border_width=\"14px\" button_border_color=\"rgba(0,0,0,0)\" button_border_radius=\"0px\" button_letter_spacing=\"3px\" button_font=\"Roboto|700||on|||||\" custom_padding=\"||7px|||\" form_background_color=\"#f9fafc\" global_module=\"584\" saved_tabs=\"all\" global_colors_info=\"{}\" button_text_color__hover=\"#ffffff\" button_text_color__hover_enabled=\"on\" button_bg_color__hover=\"#ff7a6b\"][et_pb_contact_field field_id=\"Name\" field_title=\"Nom complet\" _builder_version=\"4.9.4\" global_colors_info=\"{}\" button_text_size__hover_enabled=\"off\" button_one_text_size__hover_enabled=\"off\" button_two_text_size__hover_enabled=\"off\" button_text_color__hover_enabled=\"off\" button_one_text_color__hover_enabled=\"off\" button_two_text_color__hover_enabled=\"off\" button_border_width__hover_enabled=\"off\" button_one_border_width__hover_enabled=\"off\" button_two_border_width__hover_enabled=\"off\" button_border_color__hover_enabled=\"off\" button_one_border_color__hover_enabled=\"off\" button_two_border_color__hover_enabled=\"off\" button_border_radius__hover_enabled=\"off\" button_one_border_radius__hover_enabled=\"off\" button_two_border_radius__hover_enabled=\"off\" button_letter_spacing__hover_enabled=\"off\" button_one_letter_spacing__hover_enabled=\"off\" button_two_letter_spacing__hover_enabled=\"off\" button_bg_color__hover_enabled=\"off\" button_one_bg_color__hover_enabled=\"off\" button_two_bg_color__hover_enabled=\"off\"][\/et_pb_contact_field][et_pb_contact_field field_id=\"Email\" field_title=\"Email Address\" field_type=\"email\" _builder_version=\"4.9.4\" global_colors_info=\"{}\" button_text_size__hover_enabled=\"off\" button_one_text_size__hover_enabled=\"off\" button_two_text_size__hover_enabled=\"off\" button_text_color__hover_enabled=\"off\" button_one_text_color__hover_enabled=\"off\" button_two_text_color__hover_enabled=\"off\" button_border_width__hover_enabled=\"off\" button_one_border_width__hover_enabled=\"off\" button_two_border_width__hover_enabled=\"off\" button_border_color__hover_enabled=\"off\" button_one_border_color__hover_enabled=\"off\" button_two_border_color__hover_enabled=\"off\" button_border_radius__hover_enabled=\"off\" button_one_border_radius__hover_enabled=\"off\" button_two_border_radius__hover_enabled=\"off\" button_letter_spacing__hover_enabled=\"off\" button_one_letter_spacing__hover_enabled=\"off\" button_two_letter_spacing__hover_enabled=\"off\" button_bg_color__hover_enabled=\"off\" button_one_bg_color__hover_enabled=\"off\" button_two_bg_color__hover_enabled=\"off\"][\/et_pb_contact_field][et_pb_contact_field field_id=\"Message\" field_title=\"Message\" field_type=\"text\" fullwidth_field=\"on\" _builder_version=\"3.16\" global_colors_info=\"{}\" button_text_size__hover_enabled=\"off\" button_one_text_size__hover_enabled=\"off\" button_two_text_size__hover_enabled=\"off\" button_text_color__hover_enabled=\"off\" button_one_text_color__hover_enabled=\"off\" button_two_text_color__hover_enabled=\"off\" button_border_width__hover_enabled=\"off\" button_one_border_width__hover_enabled=\"off\" button_two_border_width__hover_enabled=\"off\" button_border_color__hover_enabled=\"off\" button_one_border_color__hover_enabled=\"off\" button_two_border_color__hover_enabled=\"off\" button_border_radius__hover_enabled=\"off\" button_one_border_radius__hover_enabled=\"off\" button_two_border_radius__hover_enabled=\"off\" button_letter_spacing__hover_enabled=\"off\" button_one_letter_spacing__hover_enabled=\"off\" button_two_letter_spacing__hover_enabled=\"off\" button_bg_color__hover_enabled=\"off\" button_one_bg_color__hover_enabled=\"off\" button_two_bg_color__hover_enabled=\"off\"][\/et_pb_contact_field][\/et_pb_contact_form][\/et_pb_column][\/et_pb_row][\/et_pb_section]","_et_gb_content_width":"","footnotes":""},"class_list":["post-1685","page","type-page","status-publish","hentry"],"yoast_head":"<!-- This site is optimized with the Yoast SEO plugin v27.4 - https:\/\/yoast.com\/product\/yoast-seo-wordpress\/ -->\n<title>Corporate services - KaGalerie<\/title>\n<meta name=\"robots\" content=\"index, follow, max-snippet:-1, max-image-preview:large, max-video-preview:-1\" \/>\n<link rel=\"canonical\" href=\"https:\/\/kagalerie.com\/en\/corporate-services\/\" \/>\n<meta property=\"og:locale\" content=\"en_US\" \/>\n<meta property=\"og:type\" content=\"article\" \/>\n<meta property=\"og:title\" content=\"Corporate services - KaGalerie\" \/>\n<meta property=\"og:description\" content=\"Corporate servicesWhether it&#039;s to acquire a new work for your existing corporate collection or for a very first purchase, we will be there to guide you through the buying process. A work of art will bring prestige and elegance to your workspace. Your work environment will be unique, stimulating for your teams. Dare to be [&hellip;]\" \/>\n<meta property=\"og:url\" content=\"https:\/\/kagalerie.com\/en\/corporate-services\/\" \/>\n<meta property=\"og:site_name\" content=\"KaGalerie\" \/>\n<meta property=\"article:modified_time\" content=\"2022-06-17T19:11:17+00:00\" \/>\n<meta name=\"twitter:card\" content=\"summary_large_image\" \/>\n<meta name=\"twitter:label1\" content=\"Est. reading time\" \/>\n\t<meta name=\"twitter:data1\" content=\"2 minutes\" \/>\n<script type=\"application\/ld+json\" class=\"yoast-schema-graph\">{\"@context\":\"https:\\\/\\\/schema.org\",\"@graph\":[{\"@type\":\"WebPage\",\"@id\":\"https:\\\/\\\/kagalerie.com\\\/en\\\/corporate-services\\\/\",\"url\":\"https:\\\/\\\/kagalerie.com\\\/en\\\/corporate-services\\\/\",\"name\":\"Corporate services - KaGalerie\",\"isPartOf\":{\"@id\":\"https:\\\/\\\/kagalerie.com\\\/#website\"},\"datePublished\":\"2022-06-17T19:06:07+00:00\",\"dateModified\":\"2022-06-17T19:11:17+00:00\",\"breadcrumb\":{\"@id\":\"https:\\\/\\\/kagalerie.com\\\/en\\\/corporate-services\\\/#breadcrumb\"},\"inLanguage\":\"en-US\",\"potentialAction\":[{\"@type\":\"ReadAction\",\"target\":[\"https:\\\/\\\/kagalerie.com\\\/en\\\/corporate-services\\\/\"]}]},{\"@type\":\"BreadcrumbList\",\"@id\":\"https:\\\/\\\/kagalerie.com\\\/en\\\/corporate-services\\\/#breadcrumb\",\"itemListElement\":[{\"@type\":\"ListItem\",\"position\":1,\"name\":\"Home\",\"item\":\"https:\\\/\\\/kagalerie.com\\\/en\\\/\"},{\"@type\":\"ListItem\",\"position\":2,\"name\":\"Corporate services\"}]},{\"@type\":\"WebSite\",\"@id\":\"https:\\\/\\\/kagalerie.com\\\/#website\",\"url\":\"https:\\\/\\\/kagalerie.com\\\/\",\"name\":\"KaGalerie\",\"description\":\"Une galerie d\u2019art contemporaine au bord de la rivi\u00e8re Saguenay\",\"potentialAction\":[{\"@type\":\"SearchAction\",\"target\":{\"@type\":\"EntryPoint\",\"urlTemplate\":\"https:\\\/\\\/kagalerie.com\\\/?s={search_term_string}\"},\"query-input\":{\"@type\":\"PropertyValueSpecification\",\"valueRequired\":true,\"valueName\":\"search_term_string\"}}],\"inLanguage\":\"en-US\"}]}<\/script>\n<!-- \/ Yoast SEO plugin. -->","yoast_head_json":{"title":"Corporate services - KaGalerie","robots":{"index":"index","follow":"follow","max-snippet":"max-snippet:-1","max-image-preview":"max-image-preview:large","max-video-preview":"max-video-preview:-1"},"canonical":"https:\/\/kagalerie.com\/en\/corporate-services\/","og_locale":"en_US","og_type":"article","og_title":"Corporate services - KaGalerie","og_description":"Corporate servicesWhether it's to acquire a new work for your existing corporate collection or for a very first purchase, we will be there to guide you through the buying process. A work of art will bring prestige and elegance to your workspace. Your work environment will be unique, stimulating for your teams. Dare to be [&hellip;]","og_url":"https:\/\/kagalerie.com\/en\/corporate-services\/","og_site_name":"KaGalerie","article_modified_time":"2022-06-17T19:11:17+00:00","twitter_card":"summary_large_image","twitter_misc":{"Est. reading time":"2 minutes"},"schema":{"@context":"https:\/\/schema.org","@graph":[{"@type":"WebPage","@id":"https:\/\/kagalerie.com\/en\/corporate-services\/","url":"https:\/\/kagalerie.com\/en\/corporate-services\/","name":"Corporate services - KaGalerie","isPartOf":{"@id":"https:\/\/kagalerie.com\/#website"},"datePublished":"2022-06-17T19:06:07+00:00","dateModified":"2022-06-17T19:11:17+00:00","breadcrumb":{"@id":"https:\/\/kagalerie.com\/en\/corporate-services\/#breadcrumb"},"inLanguage":"en-US","potentialAction":[{"@type":"ReadAction","target":["https:\/\/kagalerie.com\/en\/corporate-services\/"]}]},{"@type":"BreadcrumbList","@id":"https:\/\/kagalerie.com\/en\/corporate-services\/#breadcrumb","itemListElement":[{"@type":"ListItem","position":1,"name":"Home","item":"https:\/\/kagalerie.com\/en\/"},{"@type":"ListItem","position":2,"name":"Corporate services"}]},{"@type":"WebSite","@id":"https:\/\/kagalerie.com\/#website","url":"https:\/\/kagalerie.com\/","name":"KaGalerie","description":"Une galerie d\u2019art contemporaine au bord de la rivi\u00e8re Saguenay","potentialAction":[{"@type":"SearchAction","target":{"@type":"EntryPoint","urlTemplate":"https:\/\/kagalerie.com\/?s={search_term_string}"},"query-input":{"@type":"PropertyValueSpecification","valueRequired":true,"valueName":"search_term_string"}}],"inLanguage":"en-US"}]}},"_links":{"self":[{"href":"https:\/\/kagalerie.com\/en\/wp-json\/wp\/v2\/pages\/1685","targetHints":{"allow":["GET"]}}],"collection":[{"href":"https:\/\/kagalerie.com\/en\/wp-json\/wp\/v2\/pages"}],"about":[{"href":"https:\/\/kagalerie.com\/en\/wp-json\/wp\/v2\/types\/page"}],"author":[{"embeddable":true,"href":"https:\/\/kagalerie.com\/en\/wp-json\/wp\/v2\/users\/1"}],"replies":[{"embeddable":true,"href":"https:\/\/kagalerie.com\/en\/wp-json\/wp\/v2\/comments?post=1685"}],"version-history":[{"count":5,"href":"https:\/\/kagalerie.com\/en\/wp-json\/wp\/v2\/pages\/1685\/revisions"}],"predecessor-version":[{"id":1700,"href":"https:\/\/kagalerie.com\/en\/wp-json\/wp\/v2\/pages\/1685\/revisions\/1700"}],"wp:attachment":[{"href":"https:\/\/kagalerie.com\/en\/wp-json\/wp\/v2\/media?parent=1685"}],"curies":[{"name":"wp","href":"https:\/\/api.w.org\/{rel}","templated":true}]}}