{"id":1715,"date":"2022-06-17T15:31:36","date_gmt":"2022-06-17T19:31:36","guid":{"rendered":"https:\/\/kagalerie.com\/?page_id=1715"},"modified":"2022-06-17T15:31:40","modified_gmt":"2022-06-17T19:31:40","slug":"privacy","status":"publish","type":"page","link":"https:\/\/kagalerie.com\/en\/privacy\/","title":{"rendered":"Privacy policy"},"content":{"rendered":"\n<h2 class=\"wp-block-heading\">Qui sommes-nous ?<\/h2>\n\n\n\n<p>L\u2019adresse de notre site Internet est www.kagalerie.com<br>Vous pouvez nous contacter par courriel \u00e0 l\u2019adresse suivante&nbsp;: info@kagalerie.com<\/p>\n\n\n\n<h2 class=\"wp-block-heading\">Collecte de l\u2019information<\/h2>\n\n\n\n<p>Nous recueillons des informations lorsque vous vous inscrivez sur notre site, lorsque vous faites un achat, participez \u00e0 un concours, laissez un commentaire, remplissez le formulaire de contact, et\/ou lorsque vous vous d\u00e9connectez. Les informations recueillies incluent votre nom, votre adresse e-mail, num\u00e9ro de t\u00e9l\u00e9phone, et\/ou carte de cr\u00e9dit.<br>En outre, nous recevons et enregistrons automatiquement des informations \u00e0 partir de votre ordinateur et navigateur, y compris votre adresse IP, vos logiciels et votre mat\u00e9riel, et la page que vous demandez.<\/p>\n\n\n\n<h2 class=\"wp-block-heading\">Utilisation des informations<\/h2>\n\n\n\n<p>Toutes les informations que nous recueillons peuvent \u00eatre utilis\u00e9es pour personnaliser votre exp\u00e9rience et r\u00e9pondre \u00e0 vos besoins individuels, pour fournir un contenu publicitaire personnalis\u00e9, pour am\u00e9liorer notre site Web, pour am\u00e9liorer notre service client, pour vous contacter par e-mail, pour administrer un concours, une promotion, ou un enqu\u00eate<\/p>\n\n\n\n<h2 class=\"wp-block-heading\">Confidentialit\u00e9 du commerce en ligne<\/h2>\n\n\n\n<p>K\u00e4 galerie est l\u2019unique propri\u00e9taire des informations recueillies sur ce site. Vos informations personnelles ne seront pas vendues, \u00e9chang\u00e9es ou transf\u00e9r\u00e9es \u00e0 quiconque, sans votre consentement, en dehors de ce qui est n\u00e9cessaire pour r\u00e9pondre \u00e0 une demande et\/ou une transaction, comme par exemple pour exp\u00e9dier une commande.<\/p>\n\n\n\n<h2 class=\"wp-block-heading\">Divulgation \u00e0 des tiers<\/h2>\n\n\n\n<p>Nous ne vendons, n\u2019\u00e9changeons et ne transf\u00e9rons pas vos informations personnelles identifiables \u00e0 des tiers. Cela ne comprend pas les tierces parties de confiance qui nous aident \u00e0 exploiter notre site Web ou \u00e0 mener nos affaires, tant que ces parties conviennent de garder ces informations confidentielles.<\/p>\n\n\n\n<p>Nous pensons qu\u2019il est n\u00e9cessaire de partager des informations afin d\u2019enqu\u00eater, de pr\u00e9venir ou de prendre des mesures concernant des activit\u00e9s ill\u00e9gales, fraudes pr\u00e9sum\u00e9es, situations impliquant des menaces potentielles \u00e0 la s\u00e9curit\u00e9 physique de toute personne, violations de nos conditions d\u2019utilisation, ou quand la loi nous y contraint.<\/p>\n\n\n\n<h2 class=\"wp-block-heading\">Protection des informations<\/h2>\n\n\n\n<p>Nous mettons en \u0153uvre une vari\u00e9t\u00e9 de mesures de s\u00e9curit\u00e9 pour pr\u00e9server la s\u00e9curit\u00e9 de vos informations personnelles. Nous utilisons un cryptage \u00e0 la pointe de la technologie pour prot\u00e9ger les informations sensibles transmises en ligne. Nous prot\u00e9geons \u00e9galement vos informations hors ligne. Seuls les employ\u00e9s qui ont besoin d\u2019effectuer un travail sp\u00e9cifique (par exemple, la facturation ou le service \u00e0 la client\u00e8le) ont acc\u00e8s aux informations personnelles identifiables. Les ordinateurs et serveurs utilis\u00e9s pour stocker des informations personnelles identifiables sont conserv\u00e9s dans un environnement s\u00e9curis\u00e9.<\/p>\n\n\n\n<h2 class=\"wp-block-heading\">Utilisations de cookies<\/h2>\n\n\n\n<p>Nous utilisons des cookies. Nos cookies am\u00e9liorent l\u2019acc\u00e8s \u00e0 notre site et identifient les visiteurs r\u00e9guliers. En outre, nos cookies am\u00e9liorent l\u2019exp\u00e9rience d\u2019utilisateur gr\u00e2ce au suivi et au ciblage de ses int\u00e9r\u00eats. Cependant, cette utilisation des cookies n\u2019est en aucune fa\u00e7on li\u00e9e \u00e0 des informations personnelles identifiables sur notre site.<\/p>\n\n\n\n<h2 class=\"wp-block-heading\">Se d\u00e9sabonner<\/h2>\n\n\n\n<p>Nous utilisons l\u2019adresse e-mail que vous fournissez pour vous envoyer des informations et mises \u00e0 jour relatives \u00e0 votre commande, des nouvelles de l\u2019entreprise de fa\u00e7on occasionnelle, des informations sur des produits li\u00e9s, etc. Si, \u00e0 n\u2019importe quel moment, vous souhaitez vous d\u00e9sinscrire et ne plus recevoir d\u2019e-mails, des instructions de d\u00e9sabonnement d\u00e9taill\u00e9es sont incluses en bas de chaque e-mail. Vous pouvez \u00e9galement nous adresser votre demande \u00e0 info@kagalerie.com<\/p>\n\n\n\n<h2 class=\"wp-block-heading\">Modification de la pr\u00e9sente politique de confidentialit\u00e9<\/h2>\n\n\n\n<p>Nous nous r\u00e9servons le droit de modifier la pr\u00e9sente politique de confidentialit\u00e9 \u00e0 tout moment. Les changements et les clarifications prendront effet imm\u00e9diatement apr\u00e8s leur publication sur le site web. Si nous apportons des changements au contenu de cette politique, nous vous aviserons ici qu\u2019elle a \u00e9t\u00e9 mise \u00e0 jour, pour que vous sachiez quels renseignements nous recueillons, la mani\u00e8re dont nous les utilisons, et dans quelles circonstances nous les divulguons, s\u2019il y a lieu de le faire.<\/p>\n\n\n\n<h2 class=\"wp-block-heading\">Consentement<\/h2>\n\n\n\n<p>En utilisant notre site, vous consentez \u00e0 notre politique de confidentialit\u00e9.<\/p>\n","protected":false},"excerpt":{"rendered":"<p>Qui sommes-nous ? L\u2019adresse de notre site Internet est www.kagalerie.comVous pouvez nous contacter par courriel \u00e0 l\u2019adresse suivante&nbsp;: info@kagalerie.com Collecte de l\u2019information Nous recueillons des informations lorsque vous vous inscrivez sur notre site, lorsque vous faites un achat, participez \u00e0 un concours, laissez un commentaire, remplissez le formulaire de contact, et\/ou lorsque vous vous d\u00e9connectez. [&hellip;]<\/p>\n","protected":false},"author":1,"featured_media":0,"parent":0,"menu_order":99,"comment_status":"closed","ping_status":"closed","template":"","meta":{"_et_pb_use_builder":"","_et_pb_old_content":"","_et_gb_content_width":"","footnotes":""},"class_list":["post-1715","page","type-page","status-publish","hentry"],"yoast_head":"<!-- This site is optimized with the Yoast SEO plugin v27.5 - https:\/\/yoast.com\/product\/yoast-seo-wordpress\/ -->\n<title>Privacy policy - KaGalerie<\/title>\n<meta name=\"robots\" content=\"index, follow, max-snippet:-1, max-image-preview:large, max-video-preview:-1\" \/>\n<link rel=\"canonical\" href=\"https:\/\/kagalerie.com\/en\/privacy\/\" \/>\n<meta property=\"og:locale\" content=\"en_US\" \/>\n<meta property=\"og:type\" content=\"article\" \/>\n<meta property=\"og:title\" content=\"Privacy policy - KaGalerie\" \/>\n<meta property=\"og:description\" content=\"Qui sommes-nous ? L\u2019adresse de notre site Internet est www.kagalerie.comVous pouvez nous contacter par courriel \u00e0 l\u2019adresse suivante&nbsp;: info@kagalerie.com Collecte de l\u2019information Nous recueillons des informations lorsque vous vous inscrivez sur notre site, lorsque vous faites un achat, participez \u00e0 un concours, laissez un commentaire, remplissez le formulaire de contact, et\/ou lorsque vous vous d\u00e9connectez. [&hellip;]\" \/>\n<meta property=\"og:url\" content=\"https:\/\/kagalerie.com\/en\/privacy\/\" \/>\n<meta property=\"og:site_name\" content=\"KaGalerie\" \/>\n<meta property=\"article:modified_time\" content=\"2022-06-17T19:31:40+00:00\" \/>\n<meta name=\"twitter:card\" content=\"summary_large_image\" \/>\n<meta name=\"twitter:label1\" content=\"Est. reading time\" \/>\n\t<meta name=\"twitter:data1\" content=\"3 minutes\" \/>\n<script type=\"application\/ld+json\" class=\"yoast-schema-graph\">{\"@context\":\"https:\\\/\\\/schema.org\",\"@graph\":[{\"@type\":\"WebPage\",\"@id\":\"https:\\\/\\\/kagalerie.com\\\/en\\\/privacy\\\/\",\"url\":\"https:\\\/\\\/kagalerie.com\\\/en\\\/privacy\\\/\",\"name\":\"Privacy policy - KaGalerie\",\"isPartOf\":{\"@id\":\"https:\\\/\\\/kagalerie.com\\\/#website\"},\"datePublished\":\"2022-06-17T19:31:36+00:00\",\"dateModified\":\"2022-06-17T19:31:40+00:00\",\"breadcrumb\":{\"@id\":\"https:\\\/\\\/kagalerie.com\\\/en\\\/privacy\\\/#breadcrumb\"},\"inLanguage\":\"en-US\",\"potentialAction\":[{\"@type\":\"ReadAction\",\"target\":[\"https:\\\/\\\/kagalerie.com\\\/en\\\/privacy\\\/\"]}]},{\"@type\":\"BreadcrumbList\",\"@id\":\"https:\\\/\\\/kagalerie.com\\\/en\\\/privacy\\\/#breadcrumb\",\"itemListElement\":[{\"@type\":\"ListItem\",\"position\":1,\"name\":\"Home\",\"item\":\"https:\\\/\\\/kagalerie.com\\\/en\\\/\"},{\"@type\":\"ListItem\",\"position\":2,\"name\":\"Privacy policy\"}]},{\"@type\":\"WebSite\",\"@id\":\"https:\\\/\\\/kagalerie.com\\\/#website\",\"url\":\"https:\\\/\\\/kagalerie.com\\\/\",\"name\":\"KaGalerie\",\"description\":\"Une galerie d\u2019art contemporaine au bord de la rivi\u00e8re Saguenay\",\"potentialAction\":[{\"@type\":\"SearchAction\",\"target\":{\"@type\":\"EntryPoint\",\"urlTemplate\":\"https:\\\/\\\/kagalerie.com\\\/?s={search_term_string}\"},\"query-input\":{\"@type\":\"PropertyValueSpecification\",\"valueRequired\":true,\"valueName\":\"search_term_string\"}}],\"inLanguage\":\"en-US\"}]}<\/script>\n<!-- \/ Yoast SEO plugin. -->","yoast_head_json":{"title":"Privacy policy - KaGalerie","robots":{"index":"index","follow":"follow","max-snippet":"max-snippet:-1","max-image-preview":"max-image-preview:large","max-video-preview":"max-video-preview:-1"},"canonical":"https:\/\/kagalerie.com\/en\/privacy\/","og_locale":"en_US","og_type":"article","og_title":"Privacy policy - KaGalerie","og_description":"Qui sommes-nous ? L\u2019adresse de notre site Internet est www.kagalerie.comVous pouvez nous contacter par courriel \u00e0 l\u2019adresse suivante&nbsp;: info@kagalerie.com Collecte de l\u2019information Nous recueillons des informations lorsque vous vous inscrivez sur notre site, lorsque vous faites un achat, participez \u00e0 un concours, laissez un commentaire, remplissez le formulaire de contact, et\/ou lorsque vous vous d\u00e9connectez. [&hellip;]","og_url":"https:\/\/kagalerie.com\/en\/privacy\/","og_site_name":"KaGalerie","article_modified_time":"2022-06-17T19:31:40+00:00","twitter_card":"summary_large_image","twitter_misc":{"Est. reading time":"3 minutes"},"schema":{"@context":"https:\/\/schema.org","@graph":[{"@type":"WebPage","@id":"https:\/\/kagalerie.com\/en\/privacy\/","url":"https:\/\/kagalerie.com\/en\/privacy\/","name":"Privacy policy - KaGalerie","isPartOf":{"@id":"https:\/\/kagalerie.com\/#website"},"datePublished":"2022-06-17T19:31:36+00:00","dateModified":"2022-06-17T19:31:40+00:00","breadcrumb":{"@id":"https:\/\/kagalerie.com\/en\/privacy\/#breadcrumb"},"inLanguage":"en-US","potentialAction":[{"@type":"ReadAction","target":["https:\/\/kagalerie.com\/en\/privacy\/"]}]},{"@type":"BreadcrumbList","@id":"https:\/\/kagalerie.com\/en\/privacy\/#breadcrumb","itemListElement":[{"@type":"ListItem","position":1,"name":"Home","item":"https:\/\/kagalerie.com\/en\/"},{"@type":"ListItem","position":2,"name":"Privacy policy"}]},{"@type":"WebSite","@id":"https:\/\/kagalerie.com\/#website","url":"https:\/\/kagalerie.com\/","name":"KaGalerie","description":"Une galerie d\u2019art contemporaine au bord de la rivi\u00e8re Saguenay","potentialAction":[{"@type":"SearchAction","target":{"@type":"EntryPoint","urlTemplate":"https:\/\/kagalerie.com\/?s={search_term_string}"},"query-input":{"@type":"PropertyValueSpecification","valueRequired":true,"valueName":"search_term_string"}}],"inLanguage":"en-US"}]}},"_links":{"self":[{"href":"https:\/\/kagalerie.com\/en\/wp-json\/wp\/v2\/pages\/1715","targetHints":{"allow":["GET"]}}],"collection":[{"href":"https:\/\/kagalerie.com\/en\/wp-json\/wp\/v2\/pages"}],"about":[{"href":"https:\/\/kagalerie.com\/en\/wp-json\/wp\/v2\/types\/page"}],"author":[{"embeddable":true,"href":"https:\/\/kagalerie.com\/en\/wp-json\/wp\/v2\/users\/1"}],"replies":[{"embeddable":true,"href":"https:\/\/kagalerie.com\/en\/wp-json\/wp\/v2\/comments?post=1715"}],"version-history":[{"count":1,"href":"https:\/\/kagalerie.com\/en\/wp-json\/wp\/v2\/pages\/1715\/revisions"}],"predecessor-version":[{"id":1716,"href":"https:\/\/kagalerie.com\/en\/wp-json\/wp\/v2\/pages\/1715\/revisions\/1716"}],"wp:attachment":[{"href":"https:\/\/kagalerie.com\/en\/wp-json\/wp\/v2\/media?parent=1715"}],"curies":[{"name":"wp","href":"https:\/\/api.w.org\/{rel}","templated":true}]}}