{"id":1730,"date":"2022-06-17T15:39:23","date_gmt":"2022-06-17T19:39:23","guid":{"rendered":"https:\/\/kagalerie.com\/product\/gift-card\/"},"modified":"2022-06-17T15:39:30","modified_gmt":"2022-06-17T19:39:30","slug":"gift-card","status":"publish","type":"product","link":"https:\/\/kagalerie.com\/en\/product\/gift-card\/","title":{"rendered":"Gift card"},"content":{"rendered":"<p>[et_pb_section fb_built=&#8221;1&#8243; _builder_version=&#8221;3.22&#8243; custom_padding=&#8221;0px||||false|false&#8221; global_colors_info=&#8221;{}&#8221;][et_pb_row _builder_version=&#8221;3.25&#8243; background_size=&#8221;initial&#8221; background_position=&#8221;top_left&#8221; background_repeat=&#8221;repeat&#8221; width=&#8221;100%&#8221; custom_padding=&#8221;0px||0px||false|false&#8221; global_colors_info=&#8221;{}&#8221;][et_pb_column type=&#8221;4_4&#8243; _builder_version=&#8221;3.25&#8243; custom_padding=&#8221;|||&#8221; global_colors_info=&#8221;{}&#8221; custom_padding__hover=&#8221;|||&#8221;][et_pb_wc_breadcrumb _builder_version=&#8221;3.0.47&#8243; global_colors_info=&#8221;{}&#8221;][\/et_pb_wc_breadcrumb][et_pb_wc_cart_notice _builder_version=&#8221;3.0.47&#8243; global_colors_info=&#8221;{}&#8221;][\/et_pb_wc_cart_notice][\/et_pb_column][\/et_pb_row][et_pb_row _builder_version=&#8221;3.25&#8243; background_size=&#8221;initial&#8221; background_position=&#8221;top_left&#8221; background_repeat=&#8221;repeat&#8221; width=&#8221;100%&#8221; custom_padding=&#8221;0px||||false|false&#8221; global_colors_info=&#8221;{}&#8221; column_structure=&#8221;1_2,1_2&#8243;][et_pb_column type=&#8221;1_2&#8243; _builder_version=&#8221;3.25&#8243; custom_padding=&#8221;|||&#8221; global_colors_info=&#8221;{}&#8221; custom_padding__hover=&#8221;|||&#8221;][et_pb_wc_images _builder_version=&#8221;3.0.47&#8243; global_colors_info=&#8221;{}&#8221;][\/et_pb_wc_images][\/et_pb_column][et_pb_column type=&#8221;1_2&#8243; _builder_version=&#8221;3.25&#8243; custom_padding=&#8221;|||&#8221; global_colors_info=&#8221;{}&#8221; custom_padding__hover=&#8221;|||&#8221;][et_pb_wc_title _builder_version=&#8221;3.0.47&#8243; global_colors_info=&#8221;{}&#8221;][\/et_pb_wc_title][et_pb_wc_rating _builder_version=&#8221;3.0.47&#8243; global_colors_info=&#8221;{}&#8221;][\/et_pb_wc_rating][et_pb_wc_price _builder_version=&#8221;3.0.47&#8243; global_colors_info=&#8221;{}&#8221;][\/et_pb_wc_price][et_pb_wc_description _builder_version=&#8221;3.0.47&#8243; global_colors_info=&#8221;{}&#8221;][\/et_pb_wc_description][et_pb_wc_add_to_cart _builder_version=&#8221;3.0.47&#8243; global_colors_info=&#8221;{}&#8221;][\/et_pb_wc_add_to_cart][et_pb_wc_meta _builder_version=&#8221;3.0.47&#8243; global_colors_info=&#8221;{}&#8221;][\/et_pb_wc_meta][\/et_pb_column][\/et_pb_row][et_pb_row _builder_version=&#8221;3.25&#8243; background_size=&#8221;initial&#8221; background_position=&#8221;top_left&#8221; background_repeat=&#8221;repeat&#8221; width=&#8221;100%&#8221; global_colors_info=&#8221;{}&#8221;][et_pb_column type=&#8221;4_4&#8243; _builder_version=&#8221;3.25&#8243; custom_padding=&#8221;|||&#8221; global_colors_info=&#8221;{}&#8221; custom_padding__hover=&#8221;|||&#8221;][et_pb_wc_tabs _builder_version=&#8221;3.0.47&#8243; global_colors_info=&#8221;{}&#8221;]\t\t\t\t\t[\/et_pb_wc_tabs][et_pb_wc_upsells _builder_version=&#8221;3.0.47&#8243; global_colors_info=&#8221;{}&#8221;][\/et_pb_wc_upsells][et_pb_wc_related_products _builder_version=&#8221;3.0.47&#8243; global_colors_info=&#8221;{}&#8221;][\/et_pb_wc_related_products][\/et_pb_column][\/et_pb_row][\/et_pb_section]<\/p>\n","protected":false},"excerpt":{"rendered":"<h2 style=\"font-size: 1.5em\">Offrir l\u2019art en cadeau, c\u2019est offrir quelque chose d\u2019exclusif \u00e0 un \u00eatre cher.<\/h2>\n<p style=\"text-align: justify;\">Nos ch\u00e8ques-cadeaux peuvent \u00eatre utilis\u00e9s en galerie ou dans la boutique en ligne, sans limite de temps.<\/p>\n<p style=\"text-align: justify;\">Un cadeau qui \u00e9tonnera et qui saura r\u00e9pondre \u00e0 tous les go\u00fbts et d\u00e9sirs!<\/p>\n","protected":false},"featured_media":441,"comment_status":"open","ping_status":"closed","template":"","meta":{"_et_pb_use_builder":"on","_et_pb_old_content":"","_et_gb_content_width":""},"product_brand":[],"product_cat":[71],"product_tag":[],"class_list":{"0":"post-1730","1":"product","2":"type-product","3":"status-publish","4":"has-post-thumbnail","6":"product_cat-gift-card","8":"first","9":"instock","10":"sold-individually","11":"taxable","12":"shipping-taxable","13":"purchasable","14":"product-type-variable","15":"has-default-attributes"},"yoast_head":"<!-- This site is optimized with the Yoast SEO plugin v27.4 - https:\/\/yoast.com\/product\/yoast-seo-wordpress\/ -->\n<title>Gift card - KaGalerie<\/title>\n<meta name=\"robots\" content=\"index, follow, max-snippet:-1, max-image-preview:large, max-video-preview:-1\" \/>\n<link rel=\"canonical\" href=\"https:\/\/kagalerie.com\/en\/product\/gift-card\/\" \/>\n<meta property=\"og:locale\" content=\"en_US\" \/>\n<meta property=\"og:type\" content=\"article\" \/>\n<meta property=\"og:title\" content=\"Gift card - KaGalerie\" \/>\n<meta property=\"og:description\" content=\"Offrir l\u2019art en cadeau, c\u2019est offrir quelque chose d\u2019exclusif \u00e0 un \u00eatre cher. Nos ch\u00e8ques-cadeaux peuvent \u00eatre utilis\u00e9s en galerie ou dans la boutique en ligne, sans limite de temps. Un cadeau qui \u00e9tonnera et qui saura r\u00e9pondre \u00e0 tous les go\u00fbts et d\u00e9sirs!\" \/>\n<meta property=\"og:url\" content=\"https:\/\/kagalerie.com\/en\/product\/gift-card\/\" \/>\n<meta property=\"og:site_name\" content=\"KaGalerie\" \/>\n<meta property=\"article:modified_time\" content=\"2022-06-17T19:39:30+00:00\" \/>\n<meta property=\"og:image\" content=\"https:\/\/kagalerie.com\/wp-content\/uploads\/2021\/05\/cheque-cadeau.jpg\" \/>\n\t<meta property=\"og:image:width\" content=\"800\" \/>\n\t<meta property=\"og:image:height\" content=\"800\" \/>\n\t<meta property=\"og:image:type\" content=\"image\/jpeg\" \/>\n<meta name=\"twitter:card\" content=\"summary_large_image\" \/>\n<meta name=\"twitter:label1\" content=\"Est. reading time\" \/>\n\t<meta name=\"twitter:data1\" content=\"2 minutes\" \/>\n<script type=\"application\/ld+json\" class=\"yoast-schema-graph\">{\"@context\":\"https:\\\/\\\/schema.org\",\"@graph\":[{\"@type\":\"WebPage\",\"@id\":\"https:\\\/\\\/kagalerie.com\\\/en\\\/product\\\/gift-card\\\/\",\"url\":\"https:\\\/\\\/kagalerie.com\\\/en\\\/product\\\/gift-card\\\/\",\"name\":\"Gift card - KaGalerie\",\"isPartOf\":{\"@id\":\"https:\\\/\\\/kagalerie.com\\\/#website\"},\"primaryImageOfPage\":{\"@id\":\"https:\\\/\\\/kagalerie.com\\\/en\\\/product\\\/gift-card\\\/#primaryimage\"},\"image\":{\"@id\":\"https:\\\/\\\/kagalerie.com\\\/en\\\/product\\\/gift-card\\\/#primaryimage\"},\"thumbnailUrl\":\"https:\\\/\\\/kagalerie.com\\\/wp-content\\\/uploads\\\/2021\\\/05\\\/cheque-cadeau.jpg\",\"datePublished\":\"2022-06-17T19:39:23+00:00\",\"dateModified\":\"2022-06-17T19:39:30+00:00\",\"breadcrumb\":{\"@id\":\"https:\\\/\\\/kagalerie.com\\\/en\\\/product\\\/gift-card\\\/#breadcrumb\"},\"inLanguage\":\"en-US\",\"potentialAction\":[{\"@type\":\"ReadAction\",\"target\":[\"https:\\\/\\\/kagalerie.com\\\/en\\\/product\\\/gift-card\\\/\"]}]},{\"@type\":\"ImageObject\",\"inLanguage\":\"en-US\",\"@id\":\"https:\\\/\\\/kagalerie.com\\\/en\\\/product\\\/gift-card\\\/#primaryimage\",\"url\":\"https:\\\/\\\/kagalerie.com\\\/wp-content\\\/uploads\\\/2021\\\/05\\\/cheque-cadeau.jpg\",\"contentUrl\":\"https:\\\/\\\/kagalerie.com\\\/wp-content\\\/uploads\\\/2021\\\/05\\\/cheque-cadeau.jpg\",\"width\":800,\"height\":800},{\"@type\":\"BreadcrumbList\",\"@id\":\"https:\\\/\\\/kagalerie.com\\\/en\\\/product\\\/gift-card\\\/#breadcrumb\",\"itemListElement\":[{\"@type\":\"ListItem\",\"position\":1,\"name\":\"Home\",\"item\":\"https:\\\/\\\/kagalerie.com\\\/en\\\/\"},{\"@type\":\"ListItem\",\"position\":2,\"name\":\"Shop\",\"item\":\"https:\\\/\\\/kagalerie.com\\\/boutique\\\/\"},{\"@type\":\"ListItem\",\"position\":3,\"name\":\"Gift card\"}]},{\"@type\":\"WebSite\",\"@id\":\"https:\\\/\\\/kagalerie.com\\\/#website\",\"url\":\"https:\\\/\\\/kagalerie.com\\\/\",\"name\":\"KaGalerie\",\"description\":\"Une galerie d\u2019art contemporaine au bord de la rivi\u00e8re Saguenay\",\"potentialAction\":[{\"@type\":\"SearchAction\",\"target\":{\"@type\":\"EntryPoint\",\"urlTemplate\":\"https:\\\/\\\/kagalerie.com\\\/?s={search_term_string}\"},\"query-input\":{\"@type\":\"PropertyValueSpecification\",\"valueRequired\":true,\"valueName\":\"search_term_string\"}}],\"inLanguage\":\"en-US\"}]}<\/script>\n<!-- \/ Yoast SEO plugin. -->","yoast_head_json":{"title":"Gift card - KaGalerie","robots":{"index":"index","follow":"follow","max-snippet":"max-snippet:-1","max-image-preview":"max-image-preview:large","max-video-preview":"max-video-preview:-1"},"canonical":"https:\/\/kagalerie.com\/en\/product\/gift-card\/","og_locale":"en_US","og_type":"article","og_title":"Gift card - KaGalerie","og_description":"Offrir l\u2019art en cadeau, c\u2019est offrir quelque chose d\u2019exclusif \u00e0 un \u00eatre cher. Nos ch\u00e8ques-cadeaux peuvent \u00eatre utilis\u00e9s en galerie ou dans la boutique en ligne, sans limite de temps. Un cadeau qui \u00e9tonnera et qui saura r\u00e9pondre \u00e0 tous les go\u00fbts et d\u00e9sirs!","og_url":"https:\/\/kagalerie.com\/en\/product\/gift-card\/","og_site_name":"KaGalerie","article_modified_time":"2022-06-17T19:39:30+00:00","og_image":[{"width":800,"height":800,"url":"https:\/\/kagalerie.com\/wp-content\/uploads\/2021\/05\/cheque-cadeau.jpg","type":"image\/jpeg"}],"twitter_card":"summary_large_image","twitter_misc":{"Est. reading time":"2 minutes"},"schema":{"@context":"https:\/\/schema.org","@graph":[{"@type":"WebPage","@id":"https:\/\/kagalerie.com\/en\/product\/gift-card\/","url":"https:\/\/kagalerie.com\/en\/product\/gift-card\/","name":"Gift card - KaGalerie","isPartOf":{"@id":"https:\/\/kagalerie.com\/#website"},"primaryImageOfPage":{"@id":"https:\/\/kagalerie.com\/en\/product\/gift-card\/#primaryimage"},"image":{"@id":"https:\/\/kagalerie.com\/en\/product\/gift-card\/#primaryimage"},"thumbnailUrl":"https:\/\/kagalerie.com\/wp-content\/uploads\/2021\/05\/cheque-cadeau.jpg","datePublished":"2022-06-17T19:39:23+00:00","dateModified":"2022-06-17T19:39:30+00:00","breadcrumb":{"@id":"https:\/\/kagalerie.com\/en\/product\/gift-card\/#breadcrumb"},"inLanguage":"en-US","potentialAction":[{"@type":"ReadAction","target":["https:\/\/kagalerie.com\/en\/product\/gift-card\/"]}]},{"@type":"ImageObject","inLanguage":"en-US","@id":"https:\/\/kagalerie.com\/en\/product\/gift-card\/#primaryimage","url":"https:\/\/kagalerie.com\/wp-content\/uploads\/2021\/05\/cheque-cadeau.jpg","contentUrl":"https:\/\/kagalerie.com\/wp-content\/uploads\/2021\/05\/cheque-cadeau.jpg","width":800,"height":800},{"@type":"BreadcrumbList","@id":"https:\/\/kagalerie.com\/en\/product\/gift-card\/#breadcrumb","itemListElement":[{"@type":"ListItem","position":1,"name":"Home","item":"https:\/\/kagalerie.com\/en\/"},{"@type":"ListItem","position":2,"name":"Shop","item":"https:\/\/kagalerie.com\/boutique\/"},{"@type":"ListItem","position":3,"name":"Gift card"}]},{"@type":"WebSite","@id":"https:\/\/kagalerie.com\/#website","url":"https:\/\/kagalerie.com\/","name":"KaGalerie","description":"Une galerie d\u2019art contemporaine au bord de la rivi\u00e8re Saguenay","potentialAction":[{"@type":"SearchAction","target":{"@type":"EntryPoint","urlTemplate":"https:\/\/kagalerie.com\/?s={search_term_string}"},"query-input":{"@type":"PropertyValueSpecification","valueRequired":true,"valueName":"search_term_string"}}],"inLanguage":"en-US"}]}},"_links":{"self":[{"href":"https:\/\/kagalerie.com\/en\/wp-json\/wp\/v2\/product\/1730","targetHints":{"allow":["GET"]}}],"collection":[{"href":"https:\/\/kagalerie.com\/en\/wp-json\/wp\/v2\/product"}],"about":[{"href":"https:\/\/kagalerie.com\/en\/wp-json\/wp\/v2\/types\/product"}],"replies":[{"embeddable":true,"href":"https:\/\/kagalerie.com\/en\/wp-json\/wp\/v2\/comments?post=1730"}],"wp:featuredmedia":[{"embeddable":true,"href":"https:\/\/kagalerie.com\/en\/wp-json\/wp\/v2\/media\/441"}],"wp:attachment":[{"href":"https:\/\/kagalerie.com\/en\/wp-json\/wp\/v2\/media?parent=1730"}],"wp:term":[{"taxonomy":"product_brand","embeddable":true,"href":"https:\/\/kagalerie.com\/en\/wp-json\/wp\/v2\/product_brand?post=1730"},{"taxonomy":"product_cat","embeddable":true,"href":"https:\/\/kagalerie.com\/en\/wp-json\/wp\/v2\/product_cat?post=1730"},{"taxonomy":"product_tag","embeddable":true,"href":"https:\/\/kagalerie.com\/en\/wp-json\/wp\/v2\/product_tag?post=1730"}],"curies":[{"name":"wp","href":"https:\/\/api.w.org\/{rel}","templated":true}]}}